{"id":29137,"date":"2024-01-19T09:46:04","date_gmt":"2024-01-19T08:46:04","guid":{"rendered":"https:\/\/eckadima.ch\/contact\/"},"modified":"2024-01-22T16:33:16","modified_gmt":"2024-01-22T15:33:16","slug":"contact","status":"publish","type":"page","link":"https:\/\/eckadima.ch\/en\/contact\/","title":{"rendered":"Contact"},"content":{"rendered":"\n<div class=\"wp-block-cover alignfull is-light\"><span aria-hidden=\"true\" class=\"wp-block-cover__background has-background-dim-0 has-background-dim\"><\/span><img loading=\"lazy\" decoding=\"async\" width=\"1160\" height=\"250\" class=\"wp-block-cover__image-background wp-image-28973\" alt=\"\" src=\"https:\/\/eckadima.ch\/wp-content\/uploads\/2024\/01\/banniere-2.jpg\" data-object-fit=\"cover\" srcset=\"https:\/\/eckadima.ch\/wp-content\/uploads\/2024\/01\/banniere-2.jpg 1160w, https:\/\/eckadima.ch\/wp-content\/uploads\/2024\/01\/banniere-2-300x65.jpg 300w, https:\/\/eckadima.ch\/wp-content\/uploads\/2024\/01\/banniere-2-1024x221.jpg 1024w, https:\/\/eckadima.ch\/wp-content\/uploads\/2024\/01\/banniere-2-768x166.jpg 768w\" sizes=\"auto, (max-width: 1160px) 100vw, 1160px\" \/><div class=\"wp-block-cover__inner-container is-layout-flow wp-block-cover-is-layout-flow\">\n<div class=\"wp-block-uagb-advanced-heading uagb-block-457e07ed\"><h1 class=\"uagb-heading-text\">Contact<\/h1><\/div>\n<\/div><\/div>\n\n<div class=\"wp-block-columns are-vertically-aligned-top is-layout-flex wp-container-core-columns-is-layout-a5331a9e wp-block-columns-is-layout-flex\" style=\"padding-top:0;padding-right:0;padding-bottom:0;padding-left:0\">\n<div class=\"wp-block-column is-vertically-aligned-top is-layout-flow wp-block-column-is-layout-flow\" style=\"flex-basis:33.33%\">\n<h3 class=\"wp-block-heading\">Address<\/h3>\n\n\n\n<p>Elisabeth Cl\u00e9ment-Arnold<br\/>Rue du Four 26<br\/>1304 Cossonay-Ville<br\/>Switzerland<\/p>\n\n\n\n<p>+41 26 675 30 31<br\/><a href=\"mailto:ecKadima@hotmail.com\">ecKadima@hotmail.com<\/a><\/p>\n<\/div>\n\n\n\n<div class=\"wp-block-column is-vertically-aligned-top is-layout-flow wp-block-column-is-layout-flow\" style=\"flex-basis:66.66%\">\n<div class=\"wp-block-uagb-forms uagb-forms__outer-wrap uagb-block-b511d112 uagb-forms__medium-btn\"><form class=\"uagb-forms-main-form\" method=\"post\" autocomplete=\"on\" name=\"uagb-form-b511d112\">\n<div class=\"wp-block-uagb-forms-name uagb-forms-name-wrap uagb-forms-field-set uagb-block-a5104e1d\"><div class=\"uagb-forms-name-label required uagb-forms-input-label\" id=\"a5104e1d\">Surname<\/div><input type=\"text\" placeholder=\"Your surname\" required=\"\" class=\"uagb-forms-name-input uagb-forms-input\" name=\"a5104e1d\" autocomplete=\"given-name\"><\/div>\n\n\n\n<div class=\"wp-block-uagb-forms-name uagb-forms-name-wrap uagb-forms-field-set uagb-block-5d6c046e\"><div class=\"uagb-forms-name-label required uagb-forms-input-label\" id=\"5d6c046e\">Name<\/div><input type=\"text\" placeholder=\"Your name\" required=\"\" class=\"uagb-forms-name-input uagb-forms-input\" name=\"5d6c046e\" autocomplete=\"family-name\"><\/div>\n\n\n\n<div class=\"wp-block-uagb-forms-email uagb-forms-email-wrap uagb-forms-field-set uagb-block-361bbb04\"><div class=\"uagb-forms-email-label uagb-forms-input-label\" id=\"361bbb04\">E-mail<\/div><input type=\"email\" class=\"uagb-forms-email-input uagb-forms-input\" placeholder=\"exemple@mail.com\" name=\"361bbb04\" autocomplete=\"email\"><\/div>\n\n\n\n<div class=\"wp-block-uagb-forms-textarea uagb-forms-textarea-wrap uagb-forms-field-set uagb-block-4bdc0da0\"><div class=\"uagb-forms-textarea-label required uagb-forms-input-label\" id=\"4bdc0da0\">Message<\/div><textarea required=\"\" class=\"uagb-forms-textarea-input uagb-forms-input\" rows=\"4\" placeholder=\"Enter your message\" name=\"4bdc0da0\" autocomplete=\"off\"><\/textarea><\/div>\n<div class=\"uagb-forms-form-hidden-data\"><input type=\"hidden\" class=\"uagb_forms_form_label\" value=\"Formulaire Spectra\"\/><input type=\"hidden\" class=\"uagb_forms_form_id\" value=\"uagb-form-b511d112\"\/><\/div><div class=\"uagb-form-reacaptcha-error-b511d112\"><\/div><div class=\"uagb-forms-main-submit-button-wrap wp-block-button\"><button class=\"uagb-forms-main-submit-button wp-block-button__link\"><div class=\"uagb-forms-main-submit-button-text\">Envoyer<\/div><\/button><\/div><\/form><div class=\"uagb-forms-success-message-b511d112 uagb-forms-submit-message-hide\"><span>Le formulaire a bien \u00e9t\u00e9 envoy\u00e9\u00a0!<\/span><\/div><div class=\"uagb-forms-failed-message-b511d112 uagb-forms-submit-message-hide\"><span>Une erreur s\u2019est produite lors de l\u2019envoi du formulaire. Veuillez v\u00e9rifier \u00e0 nouveau tous les champs du formulaire.<\/span><\/div><\/div>\n<\/div>\n<\/div>\n","protected":false},"excerpt":{"rendered":"<p>Address Elisabeth Cl\u00e9ment-ArnoldRue du Four 261304 Cossonay-VilleSwitzerland +41 26 675 30 31ecKadima@hotmail.com<\/p>\n","protected":false},"author":1,"featured_media":0,"parent":0,"menu_order":0,"comment_status":"closed","ping_status":"closed","template":"","meta":{"_uag_custom_page_level_css":"","site-sidebar-layout":"default","site-content-layout":"","ast-site-content-layout":"default","site-content-style":"default","site-sidebar-style":"default","ast-global-header-display":"","ast-banner-title-visibility":"","ast-main-header-display":"","ast-hfb-above-header-display":"","ast-hfb-below-header-display":"","ast-hfb-mobile-header-display":"","site-post-title":"disabled","ast-breadcrumbs-content":"","ast-featured-img":"","footer-sml-layout":"","theme-transparent-header-meta":"","adv-header-id-meta":"","stick-header-meta":"","header-above-stick-meta":"","header-main-stick-meta":"","header-below-stick-meta":"","astra-migrate-meta-layouts":"default","ast-page-background-enabled":"default","ast-page-background-meta":{"desktop":{"background-color":"var(--ast-global-color-4)","background-image":"","background-repeat":"repeat","background-position":"center center","background-size":"auto","background-attachment":"scroll","background-type":"","background-media":"","overlay-type":"","overlay-color":"","overlay-opacity":"","overlay-gradient":""},"tablet":{"background-color":"","background-image":"","background-repeat":"repeat","background-position":"center center","background-size":"auto","background-attachment":"scroll","background-type":"","background-media":"","overlay-type":"","overlay-color":"","overlay-opacity":"","overlay-gradient":""},"mobile":{"background-color":"","background-image":"","background-repeat":"repeat","background-position":"center center","background-size":"auto","background-attachment":"scroll","background-type":"","background-media":"","overlay-type":"","overlay-color":"","overlay-opacity":"","overlay-gradient":""}},"ast-content-background-meta":{"desktop":{"background-color":"var(--ast-global-color-5)","background-image":"","background-repeat":"repeat","background-position":"center center","background-size":"auto","background-attachment":"scroll","background-type":"","background-media":"","overlay-type":"","overlay-color":"","overlay-opacity":"","overlay-gradient":""},"tablet":{"background-color":"var(--ast-global-color-5)","background-image":"","background-repeat":"repeat","background-position":"center center","background-size":"auto","background-attachment":"scroll","background-type":"","background-media":"","overlay-type":"","overlay-color":"","overlay-opacity":"","overlay-gradient":""},"mobile":{"background-color":"var(--ast-global-color-5)","background-image":"","background-repeat":"repeat","background-position":"center center","background-size":"auto","background-attachment":"scroll","background-type":"","background-media":"","overlay-type":"","overlay-color":"","overlay-opacity":"","overlay-gradient":""}},"footnotes":""},"class_list":["post-29137","page","type-page","status-publish","hentry"],"uagb_featured_image_src":{"full":false,"thumbnail":false,"medium":false,"medium_large":false,"large":false,"1536x1536":false,"2048x2048":false},"uagb_author_info":{"display_name":"webmaster","author_link":"https:\/\/eckadima.ch\/en\/author\/ogsweb\/"},"uagb_comment_info":0,"uagb_excerpt":"Address Elisabeth Cl\u00e9ment-ArnoldRue du Four 261304 Cossonay-VilleSwitzerland +41 26 675 30 31ecKadima@hotmail.com","_links":{"self":[{"href":"https:\/\/eckadima.ch\/en\/wp-json\/wp\/v2\/pages\/29137","targetHints":{"allow":["GET"]}}],"collection":[{"href":"https:\/\/eckadima.ch\/en\/wp-json\/wp\/v2\/pages"}],"about":[{"href":"https:\/\/eckadima.ch\/en\/wp-json\/wp\/v2\/types\/page"}],"author":[{"embeddable":true,"href":"https:\/\/eckadima.ch\/en\/wp-json\/wp\/v2\/users\/1"}],"replies":[{"embeddable":true,"href":"https:\/\/eckadima.ch\/en\/wp-json\/wp\/v2\/comments?post=29137"}],"version-history":[{"count":3,"href":"https:\/\/eckadima.ch\/en\/wp-json\/wp\/v2\/pages\/29137\/revisions"}],"predecessor-version":[{"id":29169,"href":"https:\/\/eckadima.ch\/en\/wp-json\/wp\/v2\/pages\/29137\/revisions\/29169"}],"wp:attachment":[{"href":"https:\/\/eckadima.ch\/en\/wp-json\/wp\/v2\/media?parent=29137"}],"curies":[{"name":"wp","href":"https:\/\/api.w.org\/{rel}","templated":true}]}}